{"id":347,"date":"2019-11-20T14:52:25","date_gmt":"2019-11-20T14:52:25","guid":{"rendered":"https:\/\/neu-patteriol-at.huberwebmedia.at\/kontakt\/"},"modified":"2019-12-05T10:47:02","modified_gmt":"2019-12-05T10:47:02","slug":"contact","status":"publish","type":"page","link":"https:\/\/patteriol.at\/en\/contact\/","title":{"rendered":"Contact"},"content":{"rendered":"<div  class='av_gmaps_sc_main_wrap av_gmaps_main_wrap '><div id='av_gmap_0' class='avia-google-map-container avia-google-map-sc av_gmaps_show_unconditionally av-no-fallback-img ' data-mapid='av_gmap_0'  style='height: 600px;'><a class=\"av_gmaps_browser_disabled av_text_confirm_link av_text_confirm_link_visible\" href=\"https:\/\/www.google.com\/maps\/search\/?api=1&#038;query=Kalvarienweg%201%206561%20Ischgl%20%20Tirol%20%20\u00d6sterreich\" target=\"_blank\" rel=\"noopener\">Maps were disabled by the visitor on this site. Click to open the map in a new window.<\/a><\/div><\/div>\n<div class=\"flex_column av_one_full  flex_column_div av-zero-column-padding first  avia-builder-el-1  el_after_av_google_map  avia-builder-el-no-sibling  \" style='border-radius:0px; '><p><div  style='padding-bottom:10px; ' class='av-special-heading av-special-heading-h1  blockquote modern-quote  avia-builder-el-2  el_before_av_hr  avia-builder-el-first  '><h1 class='av-special-heading-tag '  itemprop=\"headline\"  >Getting here<\/h1><div class='special-heading-border'><div class='special-heading-inner-border' ><\/div><\/div><\/div><br \/>\n<div  style=' margin-top:-15px; margin-bottom:;'  class='hr hr-custom hr-left hr-icon-no   avia-builder-el-3  el_after_av_heading  el_before_av_textblock '><span class='hr-inner   inner-border-av-border-fat' style=' width:300px; border-color:#5c4d40;' ><span class='hr-inner-style'><\/span><\/span><\/div><br \/>\n<section class=\"av_textblock_section \"  itemscope=\"itemscope\" itemtype=\"https:\/\/schema.org\/CreativeWork\" ><div class='avia_textblock  '   itemprop=\"text\" ><p>If you want to come to Ischgl by car, use the Arlbergschnellstra\u00dfe (S16), take the exit to Pians and then stay on the Silvretta Bundesstra\u00dfe (B188) to Ischgl for about 20 kilometers. At the BP petrol station in Ischgl you turn left into the Dorfstra\u00dfe and go straight ahead. Go past the first parking lot. After the seconding parking lot turn left into Eggerweg. At the end of this road you will see Hotel Vall\u00fclla. Stay on the Kalvarienweg until you reach our hotel.<\/p>\n<p>We look forward welcoming you at our hotel.<\/p>\n<h4>Haus Patteriol<\/h4>\n<p>Kalvarienweg 1<br \/>\n6561 Ischgl<br \/>\nAustria<br \/>\nPhone: <a href=\"tel:+4354445328\">+43 5444\/5328<\/a><br \/>\nE-Mail: <a href=\"mailto:info@patteriol.at\">info@patteriol.at<\/a><\/p>\n<\/div><\/section><\/p><\/div>\n","protected":false},"excerpt":{"rendered":"","protected":false},"author":3,"featured_media":0,"parent":0,"menu_order":7,"comment_status":"closed","ping_status":"closed","template":"","meta":[],"_links":{"self":[{"href":"https:\/\/patteriol.at\/en\/wp-json\/wp\/v2\/pages\/347"}],"collection":[{"href":"https:\/\/patteriol.at\/en\/wp-json\/wp\/v2\/pages"}],"about":[{"href":"https:\/\/patteriol.at\/en\/wp-json\/wp\/v2\/types\/page"}],"author":[{"embeddable":true,"href":"https:\/\/patteriol.at\/en\/wp-json\/wp\/v2\/users\/3"}],"replies":[{"embeddable":true,"href":"https:\/\/patteriol.at\/en\/wp-json\/wp\/v2\/comments?post=347"}],"version-history":[{"count":3,"href":"https:\/\/patteriol.at\/en\/wp-json\/wp\/v2\/pages\/347\/revisions"}],"predecessor-version":[{"id":376,"href":"https:\/\/patteriol.at\/en\/wp-json\/wp\/v2\/pages\/347\/revisions\/376"}],"wp:attachment":[{"href":"https:\/\/patteriol.at\/en\/wp-json\/wp\/v2\/media?parent=347"}],"curies":[{"name":"wp","href":"https:\/\/api.w.org\/{rel}","templated":true}]}}